{"id":10009,"date":"2022-01-28T19:43:39","date_gmt":"2022-01-28T18:43:39","guid":{"rendered":"https:\/\/www.aim.fr\/mentions-legales\/"},"modified":"2026-03-10T17:52:48","modified_gmt":"2026-03-10T16:52:48","slug":"legal-notice","status":"publish","type":"page","link":"https:\/\/www.aim.fr\/en\/legal-notice\/","title":{"rendered":"Legal Notice"},"content":{"rendered":"<div class=\"fusion-fullwidth fullwidth-box fusion-builder-row-1 fusion-flex-container has-pattern-background has-mask-background nonhundred-percent-fullwidth non-hundred-percent-height-scrolling\" style=\"--awb-background-position:left top;--awb-border-sizes-top:0px;--awb-border-sizes-bottom:0px;--awb-border-sizes-left:0px;--awb-border-sizes-right:0px;--awb-border-radius-top-left:0px;--awb-border-radius-top-right:0px;--awb-border-radius-bottom-right:0px;--awb-border-radius-bottom-left:0px;--awb-padding-top:0px;--awb-padding-top-medium:0px;--awb-padding-top-small:20px;--awb-margin-top:5px;--awb-margin-bottom:0px;--awb-margin-top-small:25px;--awb-flex-wrap:wrap;\" ><div class=\"fusion-builder-row fusion-row fusion-flex-align-items-flex-start fusion-flex-content-wrap\" style=\"max-width:1331.2px;margin-left: calc(-4% \/ 2 );margin-right: calc(-4% \/ 2 );\"><div class=\"fusion-layout-column fusion_builder_column fusion-builder-column-0 fusion_builder_column_1_1 1_1 fusion-flex-column\" style=\"--awb-bg-size:cover;--awb-width-large:100%;--awb-margin-top-large:10px;--awb-spacing-right-large:1.92%;--awb-margin-bottom-large:0px;--awb-spacing-left-large:1.92%;--awb-width-medium:100%;--awb-spacing-right-medium:1.92%;--awb-spacing-left-medium:1.92%;--awb-width-small:100%;--awb-spacing-right-small:1.92%;--awb-spacing-left-small:1.92%;\"><div class=\"fusion-column-wrapper fusion-flex-justify-content-flex-start fusion-content-layout-column\"><div class=\"fusion-title title fusion-title-1 fusion-sep-none fusion-title-center fusion-title-text fusion-title-size-two\" style=\"--awb-margin-top-small:10px;--awb-margin-right-small:0px;--awb-margin-bottom-small:5px;--awb-margin-left-small:0px;\"><h2 class=\"fusion-title-heading title-heading-center fusion-responsive-typography-calculated\" style=\"margin:0;--fontSize:28;line-height:1.21;\">AIM Legal Notice<\/h2><\/div><div class=\"fusion-title title fusion-title-2 fusion-sep-none fusion-title-center fusion-title-text fusion-title-size-three\" style=\"--awb-margin-bottom:30px;--awb-margin-top-small:10px;--awb-margin-right-small:0px;--awb-margin-bottom-small:5px;--awb-margin-left-small:0px;\"><h3 class=\"fusion-title-heading title-heading-center fusion-responsive-typography-calculated\" style=\"margin:0;--fontSize:22;--minFontSize:22;line-height:1.27;\">Privacy Policy<\/h3><\/div><\/div><\/div><div class=\"fusion-layout-column fusion_builder_column fusion-builder-column-1 fusion_builder_column_2_3 2_3 fusion-flex-column\" style=\"--awb-bg-size:cover;--awb-width-large:66.666666666667%;--awb-margin-top-large:10px;--awb-spacing-right-large:2.88%;--awb-margin-bottom-large:0px;--awb-spacing-left-large:2.88%;--awb-width-medium:100%;--awb-order-medium:0;--awb-spacing-right-medium:1.92%;--awb-spacing-left-medium:1.92%;--awb-width-small:100%;--awb-order-small:0;--awb-spacing-right-small:1.92%;--awb-spacing-left-small:1.92%;\"><div class=\"fusion-column-wrapper fusion-column-has-shadow fusion-flex-justify-content-flex-start fusion-content-layout-column\"><div class=\"fusion-text fusion-text-1\" style=\"--awb-content-alignment:justify;--awb-text-transform:none;\"><h3>General conditions of use of the site<\/h3>\n<p>This site respects copyright. All rights of the authors of the protected works reproduced and communicated on this site are reserved. Unless authorized, any use of the works other than individual and private reproduction and consultation is prohibited.<\/p>\n<ol>\n<li>This site as well as all of its content (and in particular the photos, logos, brands and information of all kinds which appear there) is protected by copyright. AIM (hereinafter referred to as the publisher) grants Internet users a simple viewing authorization which excludes in particular the reuse of all or part of the content of this site for any reason whatsoever. Reproduction authorization is only granted in digital form on the computer used to consult the site for the purposes of viewing the pages consulted by the Internet user&#8217;s navigation software. All reproduction rights are reserved, including for downloadable documents (logos, photos, information of any kind or other, etc.). The materials for download are also protected by copyright; the limits of the use of these documents are specified on the pages of the site concerned.<\/li>\n<li>The creation of a hypertext link to the site is authorized without frame and exclusively to the home page of the site, unless expressly authorized by the publisher. The publisher cannot under any circumstances be held responsible for the information published on sites with which hypertext links have been installed.<\/li>\n<li>Toute utilisation de ce site non conforme aux points ci-dessus, sauf indication contraire pr\u00e9cis\u00e9e sur le site ou autorisation express pr\u00e9alable de l&#8217;\u00e9diteur, est interdite et engage la responsabilit\u00e9 de son auteur.<\/li>\n<li>Any use of this site that does not comply with the points above, unless otherwise indicated on the site or express prior authorization from the publisher, is prohibited and entails the responsibility of its author.<\/li>\n<\/ol>\n<h3>Authorization to use cookies<\/h3>\n<p>The site you are visiting wishes to use cookies. It may access information already stored in your terminal and enter information there.<\/p>\n<p>We use these cookies to enable and facilitate navigation on the site, in particular by memorizing your browsing preferences defined during your session, providing the most appropriate content based on your browsing and producing anonymous visit statistics.<br \/>\nThese trackers cannot currently technically be deactivated from the site. You can nevertheless object to the use of these trackers by configuring your browser: This setting depends on the browser you are using, but it is generally simple to achieve: in principle, you can either activate a private browsing function or only prohibit or restrict cookies. Please note, cookies may have been saved on your device before your browser settings: in this case, delete your browsing history, still using your browser settings.<\/p>\n<p>The use of cookies is governed by Article 32 II of Law No. 78-17 of January 6, 1978, transposing Article 5.3 of Directive 2002\/58\/EC of the European Parliament and of the Council of July 12, 2002 as amended. by Directive 2009\/136\/EC.<br \/>\nTo find out more about cookies and trackers, we invite you to consult the CNIL website: www.cnil.fr.<\/p>\n<h3>Rights of access, modification and deletion of your Personal Data<\/h3>\n<p>The personal information collected in the candidate area is intended solely to provide information on your pre-registration application file at the AIM school. They may be recorded for their exclusive processing by AIM. This data is not kept beyond 1 year after application or end of schooling.<br \/>\nYou have a general right of access, rectification and deletion of all Personal Data concerning you which was collected in connection with your registration in the application area of \u200b\u200bthe aim.fr site under the conditions provided for by the Law No. 78-17 of January 6, 1978 relating to data processing, files and freedoms. To do so, send your request to AIM, 2 rue Charbonnel, 75013 Paris, or by email to mail@aim.fr.<\/p>\n<\/div><\/div><\/div><div class=\"fusion-layout-column fusion_builder_column fusion-builder-column-2 fusion_builder_column_1_3 1_3 fusion-flex-column\" style=\"--awb-bg-size:cover;--awb-width-large:33.333333333333%;--awb-margin-top-large:10px;--awb-spacing-right-large:5.76%;--awb-margin-bottom-large:0px;--awb-spacing-left-large:5.76%;--awb-width-medium:100%;--awb-spacing-right-medium:1.92%;--awb-spacing-left-medium:1.92%;--awb-width-small:100%;--awb-spacing-right-small:1.92%;--awb-spacing-left-small:1.92%;\"><div class=\"fusion-column-wrapper fusion-flex-justify-content-flex-start fusion-content-layout-column\"><div class=\"fusion-text fusion-text-2\" style=\"--awb-content-alignment:justify;--awb-text-transform:none;\"><h3>Editor :<\/h3>\n<p><strong>AIM<\/strong><br \/>\n2, rue Charbonnel<br \/>\n75013 Paris &#8211; France<br \/>\nTel. : +33 (0)1 45 75 65 75<br \/>\nFax : + 33 (0)1 45 65 01 01<br \/>\nEmail : <a href=\"mailto:mail@aim.fr?subject=Contact-aim.fr\">mail@aim.fr<\/a><\/p>\n<p><strong>Director of publication :<\/strong><br \/>\nMme. Whitney Hill<\/p>\n<h3>Webmaster &amp; Web Design :<\/h3>\n<p><strong>VENDELIS WEB AGENCY<\/strong><br \/>\n96 rue de Saint-M\u00eame<br \/>\n85440 Talmont-Saint-Hilaire<br \/>\n<a href=\"https:\/\/vendelis.com\/\" target=\"_blank\" rel=\"noopener noreferrer\">www.vendelis.com<\/a><\/p>\n<h3>Hosting:<\/h3>\n<p><strong>OVH<\/strong><br \/>\n2, rue Kellermann<br \/>\n59100 Roubaix &#8211; France<br \/>\nwww.ovh.com<\/p>\n<p><strong>Photo credits<\/strong> : Philippe Fuzeau, AIM, Cit\u00e9 internationale universitaire de Paris, Fotolia<br \/>\nThis entire site is subject to French and international legislation on copyright and intellectual property.<br \/>\nAll reproduction rights are reserved, including for iconographic and photographic documents.<\/p>\n<\/div><\/div><\/div><\/div><\/div>\n","protected":false},"excerpt":{"rendered":"","protected":false},"author":1,"featured_media":8598,"parent":0,"menu_order":0,"comment_status":"closed","ping_status":"closed","template":"100-width.php","meta":{"footnotes":""},"class_list":["post-10009","page","type-page","status-publish","has-post-thumbnail","hentry"],"yoast_head":"<!-- This site is optimized with the Yoast SEO plugin v27.1.1 - https:\/\/yoast.com\/product\/yoast-seo-wordpress\/ -->\n<title>Legal Notice<\/title>\n<meta name=\"robots\" content=\"index, follow, max-snippet:-1, max-image-preview:large, max-video-preview:-1\" \/>\n<link rel=\"canonical\" href=\"https:\/\/www.aim.fr\/en\/legal-notice\/\" \/>\n<meta property=\"og:locale\" content=\"en_US\" \/>\n<meta property=\"og:type\" content=\"article\" \/>\n<meta property=\"og:title\" content=\"Legal Notice\" \/>\n<meta property=\"og:url\" content=\"https:\/\/www.aim.fr\/en\/legal-notice\/\" \/>\n<meta property=\"og:site_name\" content=\"AIM | Ecole en management h\u00f4telier : formation Bachelor MBA (licence,Master)\" \/>\n<meta property=\"article:publisher\" content=\"https:\/\/www.facebook.com\/profile.php?id=100057142583430\" \/>\n<meta property=\"article:modified_time\" content=\"2026-03-10T16:52:48+00:00\" \/>\n<meta property=\"og:image\" content=\"https:\/\/www.aim.fr\/wp-content\/uploads\/2023\/10\/batiment-aim-hd.jpg\" \/>\n\t<meta property=\"og:image:width\" content=\"1800\" \/>\n\t<meta property=\"og:image:height\" content=\"594\" \/>\n\t<meta property=\"og:image:type\" content=\"image\/jpeg\" \/>\n<meta name=\"twitter:card\" content=\"summary_large_image\" \/>\n<meta name=\"twitter:label1\" content=\"Est. reading time\" \/>\n\t<meta name=\"twitter:data1\" content=\"8 minutes\" \/>\n<script type=\"application\/ld+json\" class=\"yoast-schema-graph\">{\"@context\":\"https:\/\/schema.org\",\"@graph\":[{\"@type\":\"WebPage\",\"@id\":\"https:\/\/www.aim.fr\/en\/legal-notice\/\",\"url\":\"https:\/\/www.aim.fr\/en\/legal-notice\/\",\"name\":\"Legal Notice\",\"isPartOf\":{\"@id\":\"https:\/\/www.aim.fr\/#website\"},\"primaryImageOfPage\":{\"@id\":\"https:\/\/www.aim.fr\/en\/legal-notice\/#primaryimage\"},\"image\":{\"@id\":\"https:\/\/www.aim.fr\/en\/legal-notice\/#primaryimage\"},\"thumbnailUrl\":\"https:\/\/www.aim.fr\/wp-content\/uploads\/2023\/10\/batiment-aim-hd.jpg\",\"datePublished\":\"2022-01-28T18:43:39+00:00\",\"dateModified\":\"2026-03-10T16:52:48+00:00\",\"breadcrumb\":{\"@id\":\"https:\/\/www.aim.fr\/en\/legal-notice\/#breadcrumb\"},\"inLanguage\":\"en-US\",\"potentialAction\":[{\"@type\":\"ReadAction\",\"target\":[\"https:\/\/www.aim.fr\/en\/legal-notice\/\"]}]},{\"@type\":\"ImageObject\",\"inLanguage\":\"en-US\",\"@id\":\"https:\/\/www.aim.fr\/en\/legal-notice\/#primaryimage\",\"url\":\"https:\/\/www.aim.fr\/wp-content\/uploads\/2023\/10\/batiment-aim-hd.jpg\",\"contentUrl\":\"https:\/\/www.aim.fr\/wp-content\/uploads\/2023\/10\/batiment-aim-hd.jpg\",\"width\":1800,\"height\":594},{\"@type\":\"BreadcrumbList\",\"@id\":\"https:\/\/www.aim.fr\/en\/legal-notice\/#breadcrumb\",\"itemListElement\":[{\"@type\":\"ListItem\",\"position\":1,\"name\":\"Accueil\",\"item\":\"https:\/\/www.aim.fr\/en\/\"},{\"@type\":\"ListItem\",\"position\":2,\"name\":\"Legal Notice\"}]},{\"@type\":\"WebSite\",\"@id\":\"https:\/\/www.aim.fr\/#website\",\"url\":\"https:\/\/www.aim.fr\/\",\"name\":\"AIM | Ecole en management h\u00f4telier : formation Bachelor MBA (licence,Master)\",\"description\":\"L\u2019AIM, une \u00e9cole de management en h\u00f4tellerie internationale reconnue pour son excellence\",\"publisher\":{\"@id\":\"https:\/\/www.aim.fr\/#organization\"},\"potentialAction\":[{\"@type\":\"SearchAction\",\"target\":{\"@type\":\"EntryPoint\",\"urlTemplate\":\"https:\/\/www.aim.fr\/?s={search_term_string}\"},\"query-input\":{\"@type\":\"PropertyValueSpecification\",\"valueRequired\":true,\"valueName\":\"search_term_string\"}}],\"inLanguage\":\"en-US\"},{\"@type\":\"Organization\",\"@id\":\"https:\/\/www.aim.fr\/#organization\",\"name\":\"AIM | Ecole en management h\u00f4telier : formation Bachelor MBA (licence,Master)\",\"url\":\"https:\/\/www.aim.fr\/\",\"logo\":{\"@type\":\"ImageObject\",\"inLanguage\":\"en-US\",\"@id\":\"https:\/\/www.aim.fr\/#\/schema\/logo\/image\/\",\"url\":\"https:\/\/www.aim.fr\/wp-content\/uploads\/2022\/01\/logo_aim_paris_carre_rvb.jpg\",\"contentUrl\":\"https:\/\/www.aim.fr\/wp-content\/uploads\/2022\/01\/logo_aim_paris_carre_rvb.jpg\",\"width\":664,\"height\":664,\"caption\":\"AIM | Ecole en management h\u00f4telier : formation Bachelor MBA (licence,Master)\"},\"image\":{\"@id\":\"https:\/\/www.aim.fr\/#\/schema\/logo\/image\/\"},\"sameAs\":[\"https:\/\/www.facebook.com\/profile.php?id=100057142583430\",\"https:\/\/www.instagram.com\/aimparis\",\"https:\/\/www.youtube.com\/channel\/UCMDN8pJHFFvlPKqSgEqU-6g\",\"https:\/\/www.linkedin.com\/school\/aim---acadmie-internationale-de-management\"]}]}<\/script>\n<!-- \/ Yoast SEO plugin. -->","yoast_head_json":{"title":"Legal Notice","robots":{"index":"index","follow":"follow","max-snippet":"max-snippet:-1","max-image-preview":"max-image-preview:large","max-video-preview":"max-video-preview:-1"},"canonical":"https:\/\/www.aim.fr\/en\/legal-notice\/","og_locale":"en_US","og_type":"article","og_title":"Legal Notice","og_url":"https:\/\/www.aim.fr\/en\/legal-notice\/","og_site_name":"AIM | Ecole en management h\u00f4telier : formation Bachelor MBA (licence,Master)","article_publisher":"https:\/\/www.facebook.com\/profile.php?id=100057142583430","article_modified_time":"2026-03-10T16:52:48+00:00","og_image":[{"width":1800,"height":594,"url":"https:\/\/www.aim.fr\/wp-content\/uploads\/2023\/10\/batiment-aim-hd.jpg","type":"image\/jpeg"}],"twitter_card":"summary_large_image","twitter_misc":{"Est. reading time":"8 minutes"},"schema":{"@context":"https:\/\/schema.org","@graph":[{"@type":"WebPage","@id":"https:\/\/www.aim.fr\/en\/legal-notice\/","url":"https:\/\/www.aim.fr\/en\/legal-notice\/","name":"Legal Notice","isPartOf":{"@id":"https:\/\/www.aim.fr\/#website"},"primaryImageOfPage":{"@id":"https:\/\/www.aim.fr\/en\/legal-notice\/#primaryimage"},"image":{"@id":"https:\/\/www.aim.fr\/en\/legal-notice\/#primaryimage"},"thumbnailUrl":"https:\/\/www.aim.fr\/wp-content\/uploads\/2023\/10\/batiment-aim-hd.jpg","datePublished":"2022-01-28T18:43:39+00:00","dateModified":"2026-03-10T16:52:48+00:00","breadcrumb":{"@id":"https:\/\/www.aim.fr\/en\/legal-notice\/#breadcrumb"},"inLanguage":"en-US","potentialAction":[{"@type":"ReadAction","target":["https:\/\/www.aim.fr\/en\/legal-notice\/"]}]},{"@type":"ImageObject","inLanguage":"en-US","@id":"https:\/\/www.aim.fr\/en\/legal-notice\/#primaryimage","url":"https:\/\/www.aim.fr\/wp-content\/uploads\/2023\/10\/batiment-aim-hd.jpg","contentUrl":"https:\/\/www.aim.fr\/wp-content\/uploads\/2023\/10\/batiment-aim-hd.jpg","width":1800,"height":594},{"@type":"BreadcrumbList","@id":"https:\/\/www.aim.fr\/en\/legal-notice\/#breadcrumb","itemListElement":[{"@type":"ListItem","position":1,"name":"Accueil","item":"https:\/\/www.aim.fr\/en\/"},{"@type":"ListItem","position":2,"name":"Legal Notice"}]},{"@type":"WebSite","@id":"https:\/\/www.aim.fr\/#website","url":"https:\/\/www.aim.fr\/","name":"AIM | Ecole en management h\u00f4telier : formation Bachelor MBA (licence,Master)","description":"L\u2019AIM, une \u00e9cole de management en h\u00f4tellerie internationale reconnue pour son excellence","publisher":{"@id":"https:\/\/www.aim.fr\/#organization"},"potentialAction":[{"@type":"SearchAction","target":{"@type":"EntryPoint","urlTemplate":"https:\/\/www.aim.fr\/?s={search_term_string}"},"query-input":{"@type":"PropertyValueSpecification","valueRequired":true,"valueName":"search_term_string"}}],"inLanguage":"en-US"},{"@type":"Organization","@id":"https:\/\/www.aim.fr\/#organization","name":"AIM | Ecole en management h\u00f4telier : formation Bachelor MBA (licence,Master)","url":"https:\/\/www.aim.fr\/","logo":{"@type":"ImageObject","inLanguage":"en-US","@id":"https:\/\/www.aim.fr\/#\/schema\/logo\/image\/","url":"https:\/\/www.aim.fr\/wp-content\/uploads\/2022\/01\/logo_aim_paris_carre_rvb.jpg","contentUrl":"https:\/\/www.aim.fr\/wp-content\/uploads\/2022\/01\/logo_aim_paris_carre_rvb.jpg","width":664,"height":664,"caption":"AIM | Ecole en management h\u00f4telier : formation Bachelor MBA (licence,Master)"},"image":{"@id":"https:\/\/www.aim.fr\/#\/schema\/logo\/image\/"},"sameAs":["https:\/\/www.facebook.com\/profile.php?id=100057142583430","https:\/\/www.instagram.com\/aimparis","https:\/\/www.youtube.com\/channel\/UCMDN8pJHFFvlPKqSgEqU-6g","https:\/\/www.linkedin.com\/school\/aim---acadmie-internationale-de-management"]}]}},"_links":{"self":[{"href":"https:\/\/www.aim.fr\/en\/wp-json\/wp\/v2\/pages\/10009","targetHints":{"allow":["GET"]}}],"collection":[{"href":"https:\/\/www.aim.fr\/en\/wp-json\/wp\/v2\/pages"}],"about":[{"href":"https:\/\/www.aim.fr\/en\/wp-json\/wp\/v2\/types\/page"}],"author":[{"embeddable":true,"href":"https:\/\/www.aim.fr\/en\/wp-json\/wp\/v2\/users\/1"}],"replies":[{"embeddable":true,"href":"https:\/\/www.aim.fr\/en\/wp-json\/wp\/v2\/comments?post=10009"}],"version-history":[{"count":1,"href":"https:\/\/www.aim.fr\/en\/wp-json\/wp\/v2\/pages\/10009\/revisions"}],"predecessor-version":[{"id":12619,"href":"https:\/\/www.aim.fr\/en\/wp-json\/wp\/v2\/pages\/10009\/revisions\/12619"}],"wp:featuredmedia":[{"embeddable":true,"href":"https:\/\/www.aim.fr\/en\/wp-json\/wp\/v2\/media\/8598"}],"wp:attachment":[{"href":"https:\/\/www.aim.fr\/en\/wp-json\/wp\/v2\/media?parent=10009"}],"curies":[{"name":"wp","href":"https:\/\/api.w.org\/{rel}","templated":true}]}}